{"id":13,"date":"2012-04-09T15:10:17","date_gmt":"2012-04-09T15:10:17","guid":{"rendered":"http:\/\/georgpro.fr\/dent\/?page_id=10"},"modified":"2018-03-12T09:13:26","modified_gmt":"2018-03-12T09:13:26","slug":"plan-dacces-html","status":"publish","type":"page","link":"https:\/\/selarl-desdocteurshoogstoel.chirurgiens-dentistes.fr\/chirurgiens-dentistes\/plan-dacces-html","title":{"rendered":"Plan d&rsquo;acc\u00e8s &#038; Contact"},"content":{"rendered":"<div class=\"trait\"><\/div>\n<div class=\"trait\"><\/div>\n<p><span style=\"text-decoration: underline;\">Vous pouvez nous contacter par email \u00e0 l&rsquo;adresse suivante<\/span> :<br \/>\n<a href=\"mailto:secretariat@dentistes-h2o.fr\">secretariat@dentistes-h2o.fr<\/a><br \/>\n<strong>ou<\/strong> par t\u00e9l\u00e9phone au num\u00e9ro : <strong>03.88.32.30.96<\/strong><\/p>\n<p><small><a href=\"https:\/\/maps.google.fr\/maps?f=q&amp;source=embed&amp;hl=fr&amp;geocode=&amp;q=6+a+quai+Saint+Thomas,+67000+Strasbourg&amp;aq=&amp;sll=48.599123,7.587081&amp;sspn=1.006292,2.705383&amp;t=h&amp;ie=UTF8&amp;hq=&amp;hnear=6+Quai+Saint-Thomas,+67000+Strasbourg,+Bas-Rhin,+Alsace&amp;ll=48.578964,7.747788&amp;spn=0.007865,0.021136&amp;z=14&amp;iwloc=r0\" target=\"_blanck\">Itin\u00e9raire et agrandissement du plan<\/a><\/small><br \/>\n<iframe loading=\"lazy\" src=\"https:\/\/www.google.com\/maps\/embed?pb=!1m14!1m8!1m3!1d25158.809684174117!2d7.747788!3d48.578964!3m2!1i1024!2i768!4f13.1!3m3!1m2!1s0x4796c9ad35b6bb1d%3A0x7d9421d928f7f9ea!2s6a+Quai+Saint-Thomas%2C+67000+Strasbourg!5e1!3m2!1sfr!2sfr!4v1520846342921\" width=\"600\" height=\"450\" frameborder=\"0\" style=\"border:0\" allowfullscreen><\/iframe><\/p>\n","protected":false},"excerpt":{"rendered":"<p>Vous pouvez nous contacter par email \u00e0 l&rsquo;adresse suivante : secretariat@dentistes-h2o.fr ou par t\u00e9l\u00e9phone au num\u00e9ro : 03.88.32.30.96 Itin\u00e9raire et agrandissement du plan<\/p>\n","protected":false},"author":2,"featured_media":0,"parent":0,"menu_order":3,"comment_status":"closed","ping_status":"closed","template":"sidebar-page.php","meta":{"footnotes":""},"_links":{"self":[{"href":"https:\/\/selarl-desdocteurshoogstoel.chirurgiens-dentistes.fr\/chirurgiens-dentistes\/wp-json\/wp\/v2\/pages\/13"}],"collection":[{"href":"https:\/\/selarl-desdocteurshoogstoel.chirurgiens-dentistes.fr\/chirurgiens-dentistes\/wp-json\/wp\/v2\/pages"}],"about":[{"href":"https:\/\/selarl-desdocteurshoogstoel.chirurgiens-dentistes.fr\/chirurgiens-dentistes\/wp-json\/wp\/v2\/types\/page"}],"author":[{"embeddable":true,"href":"https:\/\/selarl-desdocteurshoogstoel.chirurgiens-dentistes.fr\/chirurgiens-dentistes\/wp-json\/wp\/v2\/users\/2"}],"replies":[{"embeddable":true,"href":"https:\/\/selarl-desdocteurshoogstoel.chirurgiens-dentistes.fr\/chirurgiens-dentistes\/wp-json\/wp\/v2\/comments?post=13"}],"version-history":[{"count":3,"href":"https:\/\/selarl-desdocteurshoogstoel.chirurgiens-dentistes.fr\/chirurgiens-dentistes\/wp-json\/wp\/v2\/pages\/13\/revisions"}],"predecessor-version":[{"id":701,"href":"https:\/\/selarl-desdocteurshoogstoel.chirurgiens-dentistes.fr\/chirurgiens-dentistes\/wp-json\/wp\/v2\/pages\/13\/revisions\/701"}],"wp:attachment":[{"href":"https:\/\/selarl-desdocteurshoogstoel.chirurgiens-dentistes.fr\/chirurgiens-dentistes\/wp-json\/wp\/v2\/media?parent=13"}],"curies":[{"name":"wp","href":"https:\/\/api.w.org\/{rel}","templated":true}]}}