{"id":14,"date":"2012-04-09T15:10:29","date_gmt":"2012-04-09T15:10:29","guid":{"rendered":"http:\/\/georgpro.fr\/dent\/?page_id=12"},"modified":"2018-06-25T09:05:52","modified_gmt":"2018-06-25T09:05:52","slug":"fiches-conseils-html","status":"publish","type":"page","link":"https:\/\/selarl-desdocteurshoogstoel.chirurgiens-dentistes.fr\/chirurgiens-dentistes\/fiches-conseils-html","title":{"rendered":"Fiches conseils"},"content":{"rendered":"<div class=\"trait\"><\/div>\n<div class=\"trait\"><\/div>\n<p><img loading=\"lazy\" decoding=\"async\" alt=\"\" src=\"http:\/\/selarl-desdocteurshoogstoel.chirurgiens-dentistes.fr\/chirurgiens-dentistes\/wp-content\/uploads\/2012\/04\/icon_fiche.png\" width=\"40\" height=\"39\" \/><strong><a title=\"La parodontologie (ou parodontie)\" href=\"http:\/\/selarl-desdocteurshoogstoel.chirurgiens-dentistes.fr\/chirurgiens-dentistes\/la-parodontologie-ou-parodontie.html\">La parodontologie (ou parodontie)<\/a><\/strong><\/p>\n<p><img loading=\"lazy\" decoding=\"async\" alt=\"\" src=\"http:\/\/selarl-desdocteurshoogstoel.chirurgiens-dentistes.fr\/chirurgiens-dentistes\/wp-content\/uploads\/2012\/04\/icon_fiche.png\" width=\"40\" height=\"39\" \/><strong><a title=\"L'orthodontie\" href=\"http:\/\/selarl-desdocteurshoogstoel.chirurgiens-dentistes.fr\/chirurgiens-dentistes\/lorthodontie.html\">L&rsquo;orthodontie<\/a><\/strong><\/p>\n<p><img loading=\"lazy\" decoding=\"async\" alt=\"\" src=\"http:\/\/selarl-desdocteurshoogstoel.chirurgiens-dentistes.fr\/chirurgiens-dentistes\/wp-content\/uploads\/2012\/04\/icon_fiche.png\" width=\"40\" height=\"39\" \/><strong><a title=\"Les cons\u00e9quences de la perte d'une dent\" href=\"http:\/\/selarl-desdocteurshoogstoel.chirurgiens-dentistes.fr\/chirurgiens-dentistes\/les-consequences-de-la-perte-dune-dent.html\">Les cons\u00e9quences de la perte d&rsquo;une dent<\/a><\/strong><\/p>\n<p><img loading=\"lazy\" decoding=\"async\" alt=\"\" src=\"http:\/\/selarl-desdocteurshoogstoel.chirurgiens-dentistes.fr\/chirurgiens-dentistes\/wp-content\/uploads\/2012\/04\/icon_fiche.png\" width=\"40\" height=\"39\" \/><strong><a title=\"Les soins dentaires\" href=\"http:\/\/selarl-desdocteurshoogstoel.chirurgiens-dentistes.fr\/chirurgiens-dentistes\/les-soins-dentaires.html\">Les soins dentaires<\/a><\/strong><\/p>\n<p><img loading=\"lazy\" decoding=\"async\" alt=\"\" src=\"http:\/\/selarl-desdocteurshoogstoel.chirurgiens-dentistes.fr\/chirurgiens-dentistes\/wp-content\/uploads\/2012\/04\/icon_fiche.png\" width=\"40\" height=\"39\" \/><strong><a title=\"Les soins chirurgicaux\" href=\"http:\/\/selarl-desdocteurshoogstoel.chirurgiens-dentistes.fr\/chirurgiens-dentistes\/les-soins-chirurgicaux.html\">Les soins chirurgicaux<\/a><\/strong><\/p>\n<p><img loading=\"lazy\" decoding=\"async\" alt=\"\" src=\"http:\/\/selarl-desdocteurshoogstoel.chirurgiens-dentistes.fr\/chirurgiens-dentistes\/wp-content\/uploads\/2012\/04\/icon_fiche.png\" width=\"40\" height=\"39\" \/><strong><a title=\"Les proth\u00e8ses\" href=\"http:\/\/selarl-desdocteurshoogstoel.chirurgiens-dentistes.fr\/chirurgiens-dentistes\/les-protheses.html\">Les proth\u00e8ses<\/a><\/strong><\/p>\n<p><img loading=\"lazy\" decoding=\"async\" alt=\"\" src=\"http:\/\/selarl-desdocteurshoogstoel.chirurgiens-dentistes.fr\/chirurgiens-dentistes\/wp-content\/uploads\/2012\/04\/icon_fiche.png\" width=\"40\" height=\"39\" \/><strong><a title=\"Les implants\" href=\"http:\/\/selarl-desdocteurshoogstoel.chirurgiens-dentistes.fr\/chirurgiens-dentistes\/les-implants.html\">Les implants<\/a><\/strong><\/p>\n<p><img loading=\"lazy\" decoding=\"async\" alt=\"\" src=\"http:\/\/selarl-desdocteurshoogstoel.chirurgiens-dentistes.fr\/chirurgiens-dentistes\/wp-content\/uploads\/2012\/04\/icon_fiche.png\" width=\"40\" height=\"39\" \/><strong><a title=\"CFAO\" href=\"http:\/\/selarl-desdocteurshoogstoel.chirurgiens-dentistes.fr\/chirurgiens-dentistes\/cfao.html\">CFAO : Conception et fabrication assist\u00e9es par ordinateur<\/a><\/strong><\/p>\n","protected":false},"excerpt":{"rendered":"<p>La parodontologie (ou parodontie) L&rsquo;orthodontie Les cons\u00e9quences de la perte d&rsquo;une dent Les soins dentaires Les soins chirurgicaux Les proth\u00e8ses Les implants CFAO : Conception et fabrication assist\u00e9es par ordinateur<\/p>\n","protected":false},"author":2,"featured_media":0,"parent":0,"menu_order":5,"comment_status":"closed","ping_status":"closed","template":"sidebar-page.php","meta":{"footnotes":""},"_links":{"self":[{"href":"https:\/\/selarl-desdocteurshoogstoel.chirurgiens-dentistes.fr\/chirurgiens-dentistes\/wp-json\/wp\/v2\/pages\/14"}],"collection":[{"href":"https:\/\/selarl-desdocteurshoogstoel.chirurgiens-dentistes.fr\/chirurgiens-dentistes\/wp-json\/wp\/v2\/pages"}],"about":[{"href":"https:\/\/selarl-desdocteurshoogstoel.chirurgiens-dentistes.fr\/chirurgiens-dentistes\/wp-json\/wp\/v2\/types\/page"}],"author":[{"embeddable":true,"href":"https:\/\/selarl-desdocteurshoogstoel.chirurgiens-dentistes.fr\/chirurgiens-dentistes\/wp-json\/wp\/v2\/users\/2"}],"replies":[{"embeddable":true,"href":"https:\/\/selarl-desdocteurshoogstoel.chirurgiens-dentistes.fr\/chirurgiens-dentistes\/wp-json\/wp\/v2\/comments?post=14"}],"version-history":[{"count":3,"href":"https:\/\/selarl-desdocteurshoogstoel.chirurgiens-dentistes.fr\/chirurgiens-dentistes\/wp-json\/wp\/v2\/pages\/14\/revisions"}],"predecessor-version":[{"id":815,"href":"https:\/\/selarl-desdocteurshoogstoel.chirurgiens-dentistes.fr\/chirurgiens-dentistes\/wp-json\/wp\/v2\/pages\/14\/revisions\/815"}],"wp:attachment":[{"href":"https:\/\/selarl-desdocteurshoogstoel.chirurgiens-dentistes.fr\/chirurgiens-dentistes\/wp-json\/wp\/v2\/media?parent=14"}],"curies":[{"name":"wp","href":"https:\/\/api.w.org\/{rel}","templated":true}]}}