{"id":676,"date":"2015-10-01T08:41:33","date_gmt":"2015-10-01T08:41:33","guid":{"rendered":"http:\/\/selarl-desdocteurshoogstoel.chirurgiens-dentistes.fr\/chirurgiens-dentistes\/?page_id=676"},"modified":"2020-01-24T17:35:19","modified_gmt":"2020-01-24T17:35:19","slug":"lequipe","status":"publish","type":"page","link":"https:\/\/selarl-desdocteurshoogstoel.chirurgiens-dentistes.fr\/chirurgiens-dentistes\/lequipe","title":{"rendered":"L&rsquo;\u00e9quipe"},"content":{"rendered":"<h1>L\u2019\u00e9quipe<\/h1>\n<div class=\"trait\"><\/div>\n<div class=\"trait\"><\/div>\n<div>\n<div>\n<div id=\"agg2\"><img loading=\"lazy\" decoding=\"async\" class=\"size-medium wp-image-85\" src=\"http:\/\/selarl-desdocteurshoogstoel.chirurgiens-dentistes.fr\/chirurgiens-dentistes\/images\/240x323hf.jpg\" alt=\"Dr Fanny HOOGSTOEL-BRUYELLE\" width=\"240\" height=\"223\"><\/div>\n<div id=\"bgg2\">Docteur Fanny <strong>HOOGSTOEL-BRUYELLE<\/strong><br \/>\n&#8211; Dipl\u00f4m\u00e9e de la Facult\u00e9 de Chirurgie Dentaire de STRASBOURG<br \/>\n&#8211; CES de parodontologie<br \/>\n&#8211; Attestation de Soins Dentaires sous S\u00e9dation, MEOPA<br \/>\nRPPS : 10005136527<\/div>\n<\/div>\n<div id=\"agg1\"><img loading=\"lazy\" decoding=\"async\" class=\"size-medium wp-image-86\" src=\"http:\/\/selarl-desdocteurshoogstoel.chirurgiens-dentistes.fr\/chirurgiens-dentistes\/images\/240x323h.jpg\" alt=\"Dr Laurent HOOGSTOEL\" width=\"240\" height=\"223\"><\/div>\n<div id=\"bgg1\">Docteur Laurent <strong>HOOGSTOEL<\/strong><br \/>\n&#8211; Dipl\u00f4m\u00e9 de la Facult\u00e9 de Chirurgie Dentaire de STRASBOURG<br \/>\n&#8211; Dipl\u00f4me d&rsquo;Universit\u00e9 de Chirurgie<br \/>\nBuccale et d&rsquo;Implantologie<br \/>\n&#8211; Expert pr\u00e8s la Cour d&rsquo;Appel<br \/>\nde COLMAR<br \/>\nRPPS : 10004019278<\/div>\n<\/div>\n<div><\/div>\n<div id=\"agg1\"><img loading=\"lazy\" decoding=\"async\" class=\"size-medium wp-image-86\" src=\"http:\/\/selarl-desdocteurshoogstoel.chirurgiens-dentistes.fr\/chirurgiens-dentistes\/wp-content\/uploads\/2020\/01\/image0-732x1024.jpeg\" alt=\"Dr Laurent HOOGSTOEL\" width=\"240\" height=\"223\"><\/div>\n<div id=\"bgg1\">Docteur Thibault <strong>MATHIEN<\/strong><br \/>\n&#8211; Dipl\u00f4m\u00e9 de la Facult\u00e9 de Chirurgie Dentaire de STRASBOURG<br \/>\n\u2013 Attestation de Soins Dentaires sous S\u00e9dation, MEOPA<br \/>\nRPPS : 10101461878<\/div>\n<div><\/div>\n<div class=\"clear\"><\/div>\n<div id=\"cgg1\"><img loading=\"lazy\" decoding=\"async\" class=\"size-medium wp-image-230 \" src=\"http:\/\/selarl-desdocteurshoogstoel.chirurgiens-dentistes.fr\/chirurgiens-dentistes\/wp-content\/uploads\/2020\/01\/image1-824x1024.jpeg\" alt=\"Les assistantes dentaire\" width=\"240\" height=\"173\"><\/div>\n<div id=\"cgg2\">Les assistantes dentaires<\/div>\n<div><\/div>\n","protected":false},"excerpt":{"rendered":"<p>L\u2019\u00e9quipe Docteur Fanny HOOGSTOEL-BRUYELLE &#8211; Dipl\u00f4m\u00e9e de la Facult\u00e9 de Chirurgie Dentaire de STRASBOURG &#8211; CES de parodontologie &#8211; Attestation de Soins Dentaires sous S\u00e9dation, MEOPA RPPS : 10005136527 Docteur Laurent HOOGSTOEL &#8211; Dipl\u00f4m\u00e9 de la Facult\u00e9 de Chirurgie Dentaire &hellip; <a href=\"https:\/\/selarl-desdocteurshoogstoel.chirurgiens-dentistes.fr\/chirurgiens-dentistes\/lequipe\">Continuer la lecture <span class=\"meta-nav\">&rarr;<\/span><\/a><\/p>\n","protected":false},"author":3,"featured_media":0,"parent":0,"menu_order":0,"comment_status":"closed","ping_status":"open","template":"sidebar-page.php","meta":{"footnotes":""},"_links":{"self":[{"href":"https:\/\/selarl-desdocteurshoogstoel.chirurgiens-dentistes.fr\/chirurgiens-dentistes\/wp-json\/wp\/v2\/pages\/676"}],"collection":[{"href":"https:\/\/selarl-desdocteurshoogstoel.chirurgiens-dentistes.fr\/chirurgiens-dentistes\/wp-json\/wp\/v2\/pages"}],"about":[{"href":"https:\/\/selarl-desdocteurshoogstoel.chirurgiens-dentistes.fr\/chirurgiens-dentistes\/wp-json\/wp\/v2\/types\/page"}],"author":[{"embeddable":true,"href":"https:\/\/selarl-desdocteurshoogstoel.chirurgiens-dentistes.fr\/chirurgiens-dentistes\/wp-json\/wp\/v2\/users\/3"}],"replies":[{"embeddable":true,"href":"https:\/\/selarl-desdocteurshoogstoel.chirurgiens-dentistes.fr\/chirurgiens-dentistes\/wp-json\/wp\/v2\/comments?post=676"}],"version-history":[{"count":15,"href":"https:\/\/selarl-desdocteurshoogstoel.chirurgiens-dentistes.fr\/chirurgiens-dentistes\/wp-json\/wp\/v2\/pages\/676\/revisions"}],"predecessor-version":[{"id":830,"href":"https:\/\/selarl-desdocteurshoogstoel.chirurgiens-dentistes.fr\/chirurgiens-dentistes\/wp-json\/wp\/v2\/pages\/676\/revisions\/830"}],"wp:attachment":[{"href":"https:\/\/selarl-desdocteurshoogstoel.chirurgiens-dentistes.fr\/chirurgiens-dentistes\/wp-json\/wp\/v2\/media?parent=676"}],"curies":[{"name":"wp","href":"https:\/\/api.w.org\/{rel}","templated":true}]}}